{"id":44,"date":"2013-08-29T13:57:12","date_gmt":"2013-08-29T13:57:12","guid":{"rendered":"http:\/\/hakkaraistensukuseura.iwn.co\/?page_id=44"},"modified":"2025-09-03T11:52:02","modified_gmt":"2025-09-03T11:52:02","slug":"jasenyys-ja-tuotteet","status":"publish","type":"page","link":"http:\/\/hakkaraistensukuseura.net\/?page_id=44","title":{"rendered":"J\u00e4senyys ja tuotteet"},"content":{"rendered":"\n<p>Sukuseuran varsinaiseksi j\u00e4seneksi voidaan hyv\u00e4ksy\u00e4 jokainen 18 vuotta t\u00e4ytt\u00e4nyt henkil\u00f6, joka is\u00e4n tai \u00e4idin puolelta on sukuun kuuluva tai on avioliiton kautta siihen liittynyt.<\/p>\n\n\n\n<p>Sukuseuran j\u00e4senet hyv\u00e4ksyy seuran hallitus.<\/p>\n\n\n\n<p>J\u00e4senell\u00e4 on oikeus erota sukuseurasta ilmoittamalla siit\u00e4 kirjallisesti hallitukselle tai sen puheenjohtajalle taikka ilmoittamalla eroamisesta seuran kokouksessa.<\/p>\n\n\n\n<p>Varsinaisilta j\u00e4senilt\u00e4 peritt\u00e4v\u00e4n liittymis- ja vuotuisen j\u00e4senmaksun suuruudesta p\u00e4\u00e4tt\u00e4\u00e4 vuosikokous. Seuran hallitus voi my\u00f6nt\u00e4\u00e4 vapautuksen j\u00e4senmaksusta i\u00e4n, sairauden tai muun vastaavan syyn aiheuttaman maksukyvyn heikentymisen perusteella.<\/p>\n\n\n\n<p>Sukuseuran ainaisj\u00e4seneksi katsotaan j\u00e4sen, joka yhdell\u00e4 kertaa suorittaa j\u00e4senmaksun kymmenkertaisena.<\/p>\n\n\n\n<p>Sukuseuraan liittyminen tapahtuu t\u00e4ytt\u00e4m\u00e4ll\u00e4 oheinen hakemus ja palauttamalla sen sihteeri Timo Hakkaraiselle kaavakkeessa mainituilla tavoilla. Timo Hakkarainen ilmoittaa asianomaiselle hallituksen kokouksen j\u00e4lkeen h\u00e4nen tulevan j\u00e4sennumeronsa.<\/p>\n\n\n\n<p><\/p>\n\n\n\n<p><a href=\"https:\/\/1drv.ms\/w\/s!AumSKrHy0UO3gz-nOBTSPAY23pDI?e=WkmxRU\" data-type=\"link\" data-id=\"https:\/\/1drv.ms\/w\/s!AumSKrHy0UO3gz-nOBTSPAY23pDI?e=WkmxRU\">Hakkaraisten sukuseuran j\u00e4senhakemus<\/a><\/p>\n\n\n\n<p class=\"has-text-align-left\">Vuosikokouksessa 26.08.2023 vahvistettiin sukuseuran j\u00e4senmaksuksi 20\u20ac\/perhe ja se maksetaan seuran tilille:<br> POP FI51 4786 0010 262501.<\/p>\n\n\n\n<p class=\"has-text-align-left\"><span style=\"font-size: small;\">J\u00e4senmaksunsa maksaneilla j\u00e4senill\u00e4 on mahdollisuus&nbsp; saada j\u00e4senkirjeens\u00e4 s\u00e4hk\u00f6postin liitetiedostona (skannattuna pdf-muodossa), ilmoittamalla asiasta sihteeri Timo Hakkaraiselle hra.hakkis(at)gmail.com. Toivomme, ett\u00e4 mahdollisimman moni j\u00e4senist\u00e4mme suostuisi t\u00e4h\u00e4n.<br> <\/span><\/p>\n\n\n\n<p class=\"has-text-align-left\"><span style=\"font-size: small;\">S\u00e4hk\u00f6iset j\u00e4senkirjeet l\u00e4hetet\u00e4\u00e4n peitetysti, jolloin&nbsp; s\u00e4hk\u00f6postiosoitteenne eiv\u00e4t tule levi\u00e4m\u00e4\u00e4n muiden j\u00e4senten tietoisuuteen.<\/span><\/p>\n\n\n\n<p>Toimintansa tukemiseksi seura voi ottaa vastaan testamentattua tai lahjoitettua omaisuutta, perustaa rahastoja sek\u00e4 asianomaisella luvalla j\u00e4rjest\u00e4\u00e4 varainker\u00e4yksi\u00e4 ja arpajaisia. Seura voi my\u00f6s omistaa toimintansa kannalta tarpeellisia kiinteist\u00f6j\u00e4.<\/p>\n\n\n\n<p><strong>TUOTTEET<\/strong><\/p>\n\n\n\n<p><span style=\"font-size: small;\">Sukuseuralla on myynniss\u00e4 seuraavia Hakkaraisten sukuvaakunalla varustettuja tuotteita ja niiden Sostaminen edellytt\u00e4\u00e4 sukuseuran j\u00e4sennyytt\u00e4.<\/span><\/p>\n\n\n\n<p><span style=\"font-size: small;\">Lis\u00e4ksi Hakkaraisten sukuseuran pitk\u00e4aikainen j\u00e4sen Antero Hakkarainen on tehnyt julkaisun nimelt\u00e4\u00e4n <strong>Kaavin Viitaniemen kyl\u00e4,<\/strong> <strong>Maatilojen syntyvaiheita ja is\u00e4nt\u00e4linjoja vuosina 1617 &#8211; 1920<\/strong> sek\u00e4 kirjan nimelt\u00e4\u00e4n <strong>Koillis-Savon Hakkaraiset vuodesta 1640 alkaen  <\/strong>Julkaisun kansikuva sek\u00e4 julkaisun ja kirjan tilaamiseen liittyv\u00e4t tiedot l\u00f6ytyv\u00e4t t\u00e4m\u00e4n sivun alaosasta.<\/span><\/p>\n\n\n\n<p><strong>Is\u00e4nn\u00e4nviiri<\/strong> (8 metrin lipputankoon), <strong>hinta 100 euroa<\/strong> (sis. postituskulut)<\/p>\n\n\n<div class=\"wp-block-image\">\n<figure class=\"alignleft\"><a href=\"http:\/\/hakkaraistensukuseura.net\/wp-content\/uploads\/2014\/03\/Hakkaraisten-is\u00e4nn\u00e4nviiri-4.jpg\"><img loading=\"lazy\" decoding=\"async\" width=\"156\" height=\"300\" src=\"http:\/\/hakkaraistensukuseura.net\/wp-content\/uploads\/2014\/03\/Hakkaraisten-is\u00e4nn\u00e4nviiri-4-156x300.jpg\" alt=\"Hakkaraisten is\u00e4nn\u00e4nviiri 4\" class=\"wp-image-78\" srcset=\"http:\/\/hakkaraistensukuseura.net\/wp-content\/uploads\/2014\/03\/Hakkaraisten-is\u00e4nn\u00e4nviiri-4-156x300.jpg 156w, http:\/\/hakkaraistensukuseura.net\/wp-content\/uploads\/2014\/03\/Hakkaraisten-is\u00e4nn\u00e4nviiri-4-532x1024.jpg 532w, http:\/\/hakkaraistensukuseura.net\/wp-content\/uploads\/2014\/03\/Hakkaraisten-is\u00e4nn\u00e4nviiri-4.jpg 849w\" sizes=\"(max-width: 156px) 100vw, 156px\" \/><\/a><\/figure><\/div>\n\n<div class=\"wp-block-image\">\n<figure class=\"alignleft\"><a href=\"http:\/\/hakkaraistensukuseura.net\/wp-content\/uploads\/2014\/03\/Hakkaraisten-is\u00e4nn\u00e4nviiri-3.jpg\"><img loading=\"lazy\" decoding=\"async\" width=\"156\" height=\"300\" src=\"http:\/\/hakkaraistensukuseura.net\/wp-content\/uploads\/2014\/03\/Hakkaraisten-is\u00e4nn\u00e4nviiri-3-156x300.jpg\" alt=\"Hakkaraisten is\u00e4nn\u00e4nviiri 3\" class=\"wp-image-77\" srcset=\"http:\/\/hakkaraistensukuseura.net\/wp-content\/uploads\/2014\/03\/Hakkaraisten-is\u00e4nn\u00e4nviiri-3-156x300.jpg 156w, http:\/\/hakkaraistensukuseura.net\/wp-content\/uploads\/2014\/03\/Hakkaraisten-is\u00e4nn\u00e4nviiri-3-532x1024.jpg 532w, http:\/\/hakkaraistensukuseura.net\/wp-content\/uploads\/2014\/03\/Hakkaraisten-is\u00e4nn\u00e4nviiri-3.jpg 849w\" sizes=\"(max-width: 156px) 100vw, 156px\" \/><\/a><\/figure><\/div>\n\n<div class=\"wp-block-image\">\n<figure class=\"alignleft\"><a href=\"http:\/\/hakkaraistensukuseura.net\/wp-content\/uploads\/2014\/03\/Hakkaraisten-is\u00e4nn\u00e4nviiri-1.jpg\"><img loading=\"lazy\" decoding=\"async\" width=\"168\" height=\"300\" src=\"http:\/\/hakkaraistensukuseura.net\/wp-content\/uploads\/2014\/03\/Hakkaraisten-is\u00e4nn\u00e4nviiri-1-168x300.jpg\" alt=\"Hakkaraisten is\u00e4nn\u00e4nviiri 1\" class=\"wp-image-75\" srcset=\"http:\/\/hakkaraistensukuseura.net\/wp-content\/uploads\/2014\/03\/Hakkaraisten-is\u00e4nn\u00e4nviiri-1-168x300.jpg 168w, http:\/\/hakkaraistensukuseura.net\/wp-content\/uploads\/2014\/03\/Hakkaraisten-is\u00e4nn\u00e4nviiri-1-576x1024.jpg 576w, http:\/\/hakkaraistensukuseura.net\/wp-content\/uploads\/2014\/03\/Hakkaraisten-is\u00e4nn\u00e4nviiri-1.jpg 918w\" sizes=\"(max-width: 168px) 100vw, 168px\" \/><\/a><\/figure><\/div>\n\n\n<ul>\n<li><\/li>\n<\/ul>\n\n\n<div class=\"wp-block-image\">\n<figure class=\"alignleft\"><a href=\"http:\/\/hakkaraistensukuseura.net\/wp-content\/uploads\/2014\/03\/Hakkaraisten-standaari.-2.jpg\"><img loading=\"lazy\" decoding=\"async\" width=\"168\" height=\"300\" src=\"http:\/\/hakkaraistensukuseura.net\/wp-content\/uploads\/2014\/03\/Hakkaraisten-standaari.-2-168x300.jpg\" alt=\"Hakkaraisten standaari. 2\" class=\"wp-image-81\" srcset=\"http:\/\/hakkaraistensukuseura.net\/wp-content\/uploads\/2014\/03\/Hakkaraisten-standaari.-2-168x300.jpg 168w, http:\/\/hakkaraistensukuseura.net\/wp-content\/uploads\/2014\/03\/Hakkaraisten-standaari.-2-576x1024.jpg 576w, http:\/\/hakkaraistensukuseura.net\/wp-content\/uploads\/2014\/03\/Hakkaraisten-standaari.-2.jpg 918w\" sizes=\"(max-width: 168px) 100vw, 168px\" \/><\/a><\/figure><\/div>\n\n<div class=\"wp-block-image\">\n<figure class=\"alignleft\"><a href=\"http:\/\/hakkaraistensukuseura.net\/wp-content\/uploads\/2014\/03\/Hakkaraisten-standaari.-1jpg.jpg\"><img loading=\"lazy\" decoding=\"async\" width=\"168\" height=\"300\" src=\"http:\/\/hakkaraistensukuseura.net\/wp-content\/uploads\/2014\/03\/Hakkaraisten-standaari.-1jpg-168x300.jpg\" alt=\"Hakkaraisten standaari. 1jpg\" class=\"wp-image-80\" srcset=\"http:\/\/hakkaraistensukuseura.net\/wp-content\/uploads\/2014\/03\/Hakkaraisten-standaari.-1jpg-168x300.jpg 168w, http:\/\/hakkaraistensukuseura.net\/wp-content\/uploads\/2014\/03\/Hakkaraisten-standaari.-1jpg-576x1024.jpg 576w, http:\/\/hakkaraistensukuseura.net\/wp-content\/uploads\/2014\/03\/Hakkaraisten-standaari.-1jpg.jpg 918w\" sizes=\"(max-width: 168px) 100vw, 168px\" \/><\/a><\/figure><\/div>\n\n\n<p><\/p>\n\n\n\n<p><span style=\"font-size: small;\"><br><br><\/span><\/p>\n\n\n\n<p><span style=\"font-size: small;\">  <\/span><\/p>\n\n\n\n<p>P\u00f6yt\u00e4standaari hinta 30 euroa + (postituskulut 15 euroa).<\/p>\n\n\n\n<p><span style=\"font-size: small;\"><br><\/span><\/p>\n\n\n\n<p><span style=\"font-size: small;\">Sukuseuran vaakunalla varustettuja tuotteita voi tilata puheenjohtaja Virve Pramilta s\u00e4hk\u00f6postitse virve.prami(at)outlook.com tai puhelimitse numerosta <\/span><span style=\"font-size: small;\">041 537 0545<\/span><span style=\"font-size: small;\">. <\/span><\/p>\n\n\n\n<p><\/p>\n\n\n\n<p><\/p>\n\n\n\n<p><\/p>\n\n\n\n<p><\/p>\n\n\n\n<p><\/p>\n\n\n\n<p><\/p>\n\n\n\n<p><\/p>\n\n\n\n<p><\/p>\n\n\n\n<p><\/p>\n\n\n\n<p><\/p>\n\n\n\n<figure class=\"wp-block-image size-large is-resized\"><a href=\"http:\/\/hakkaraistensukuseura.net\/wp-content\/uploads\/2023\/11\/Kaavin-Viitaniemen-kyla-scaled.jpg\"><img loading=\"lazy\" decoding=\"async\" width=\"694\" height=\"1024\" src=\"http:\/\/hakkaraistensukuseura.net\/wp-content\/uploads\/2023\/11\/Kaavin-Viitaniemen-kyla-694x1024.jpg\" alt=\"\" class=\"wp-image-313\" style=\"aspect-ratio:0.677734375;width:289px;height:auto\" srcset=\"http:\/\/hakkaraistensukuseura.net\/wp-content\/uploads\/2023\/11\/Kaavin-Viitaniemen-kyla-694x1024.jpg 694w, http:\/\/hakkaraistensukuseura.net\/wp-content\/uploads\/2023\/11\/Kaavin-Viitaniemen-kyla-203x300.jpg 203w, http:\/\/hakkaraistensukuseura.net\/wp-content\/uploads\/2023\/11\/Kaavin-Viitaniemen-kyla-768x1133.jpg 768w, http:\/\/hakkaraistensukuseura.net\/wp-content\/uploads\/2023\/11\/Kaavin-Viitaniemen-kyla-1041x1536.jpg 1041w, http:\/\/hakkaraistensukuseura.net\/wp-content\/uploads\/2023\/11\/Kaavin-Viitaniemen-kyla-1388x2048.jpg 1388w, http:\/\/hakkaraistensukuseura.net\/wp-content\/uploads\/2023\/11\/Kaavin-Viitaniemen-kyla-scaled.jpg 1735w\" sizes=\"(max-width: 694px) 100vw, 694px\" \/><\/a><figcaption class=\"wp-element-caption\"><br>Sukuseuran pitk\u00e4aikainen j\u00e4sen Antero Hakkarainen on tehnyt julkaisun jonka nimi on Kaavin Viitaniemen kyl\u00e4, Maatilojen syntyvaiheita ja is\u00e4nt\u00e4linjoja vuosina 1617 &#8211; 1920 sek\u00e4 kirjan nimelt\u00e4\u00e4n Koillis-Savon Hakkaraiset vuodesta 1640 alkaen.<br><br>Julkaisussa on 107 sivua ja sen hinta on 20 euroa + postituskulut 5 euroa.<br>Kirjassa on 560 sivua ja sen hinta on 40 euroa.<br><br>Mik\u00e4li olet kiinnostunut tilaamaan julkaisun ja\/tai kirjan niin olethan yhteydess\u00e4 s\u00e4hk\u00f6postitse suoraan Antero Hakkaraiseen antero.hakkarainen@outlook.com<\/figcaption><\/figure>\n\n\n","protected":false},"excerpt":{"rendered":"<p>Sukuseuran varsinaiseksi j\u00e4seneksi voidaan hyv\u00e4ksy\u00e4 jokainen 18 vuotta t\u00e4ytt\u00e4nyt henkil\u00f6, joka is\u00e4n tai \u00e4idin puolelta on sukuun kuuluva tai on avioliiton kautta siihen liittynyt. Sukuseuran j\u00e4senet hyv\u00e4ksyy seuran hallitus. J\u00e4senell\u00e4<\/p>\n","protected":false},"author":1001,"featured_media":0,"parent":0,"menu_order":5,"comment_status":"closed","ping_status":"closed","template":"","meta":{"footnotes":""},"_links":{"self":[{"href":"http:\/\/hakkaraistensukuseura.net\/index.php?rest_route=\/wp\/v2\/pages\/44"}],"collection":[{"href":"http:\/\/hakkaraistensukuseura.net\/index.php?rest_route=\/wp\/v2\/pages"}],"about":[{"href":"http:\/\/hakkaraistensukuseura.net\/index.php?rest_route=\/wp\/v2\/types\/page"}],"author":[{"embeddable":true,"href":"http:\/\/hakkaraistensukuseura.net\/index.php?rest_route=\/wp\/v2\/users\/1001"}],"replies":[{"embeddable":true,"href":"http:\/\/hakkaraistensukuseura.net\/index.php?rest_route=%2Fwp%2Fv2%2Fcomments&post=44"}],"version-history":[{"count":62,"href":"http:\/\/hakkaraistensukuseura.net\/index.php?rest_route=\/wp\/v2\/pages\/44\/revisions"}],"predecessor-version":[{"id":399,"href":"http:\/\/hakkaraistensukuseura.net\/index.php?rest_route=\/wp\/v2\/pages\/44\/revisions\/399"}],"wp:attachment":[{"href":"http:\/\/hakkaraistensukuseura.net\/index.php?rest_route=%2Fwp%2Fv2%2Fmedia&parent=44"}],"curies":[{"name":"wp","href":"https:\/\/api.w.org\/{rel}","templated":true}]}}