{"id":30,"date":"2013-08-29T13:27:20","date_gmt":"2013-08-29T13:27:20","guid":{"rendered":"http:\/\/hakkaraistensukuseura.iwn.co\/?page_id=30"},"modified":"2019-09-04T07:16:01","modified_gmt":"2019-09-04T07:16:01","slug":"vaakuna","status":"publish","type":"page","link":"https:\/\/hakkaraistensukuseura.net\/?page_id=30","title":{"rendered":"Vaakuna"},"content":{"rendered":"<p align=\"left\"><a href=\"http:\/\/hakkaraistensukuseura.iwn.co\/wp-content\/uploads\/2013\/08\/vaakuna.gif\"><img loading=\"lazy\" decoding=\"async\" class=\"alignleft size-full wp-image-31\" src=\"http:\/\/hakkaraistensukuseura.iwn.co\/wp-content\/uploads\/2013\/08\/vaakuna.gif\" alt=\"vaakuna\" width=\"269\" height=\"236\" \/><\/a>Sukuvaakunan on Pertti Hakkaraisen aloitteesta piirt\u00e4nyt Olof Eriksson ja Hakkaraisten sukuvaakuna on hyv\u00e4ksytty numerolla 153 Suomen Heraldisen Seuran rekisteriin 9.10.1985.<\/p>\n<p>Kilpi: Hopeakent\u00e4ss\u00e4 linnakekoroinen sininen lakio, jonka alapuolella mustat kivikirveet ristikk\u00e4in.<\/p>\n<p>Kyp\u00e4r\u00e4: suljettu. Kyp\u00e4r\u00e4peite ulkopuolelta sininen, vuoripuolelta hopeaa. Kyp\u00e4r\u00e4koristeena kotkansiivet, joiden v\u00e4list\u00e4 nousee havunoksa, kaikki sinist\u00e4.<\/p>\n<p>Vaakunan aiheen perustelu: Kivikirveet kuvaavat esi-isien kivikautista ammattia, josta suku on todenn\u00e4k\u00f6isesti saanut nimens\u00e4.<\/p>\n<h4 align=\"left\">Vaakunan symboliikka on seuraava:<\/h4>\n<p align=\"left\">&#8211; Suljettu kyp\u00e4r\u00e4: talonpoikaissuku<br \/>\n&#8211; Ristikk\u00e4iset kivivasarat: muinaisten kiviseppien suku<br \/>\n&#8211; Vaakunan poikki kulkeva linnakekoro: id\u00e4n ja l\u00e4nnen rajaseutujen suku<br \/>\n&#8211; Kuusen latva: er\u00e4metsien suku<br \/>\n&#8211; Kotkan siivet: rikkaan henkisen perinn\u00f6n omaava suku<br \/>\n&#8211; Repaleinen kyp\u00e4r\u00e4vaate: vanha, laaja suku<br \/>\n&#8211; Sini-hopea -v\u00e4ritys: suomalainen suku.<\/p>\n<p>Pertti Hakkarainen on 7.10.1996 luovuttanut vaakunan k\u00e4ytt\u00f6oikeuden kaikille Hakkaraisten sukuseuran j\u00e4senille ja heid\u00e4n j\u00e4lkel\u00e4isilleen sukuvaakunoiden normaaleja k\u00e4ytt\u00f6tapoja noudattaen.<\/p>\n","protected":false},"excerpt":{"rendered":"<p>Sukuvaakunan on Pertti Hakkaraisen aloitteesta piirt\u00e4nyt Olof Eriksson ja Hakkaraisten sukuvaakuna on hyv\u00e4ksytty numerolla 153 Suomen Heraldisen Seuran rekisteriin 9.10.1985. Kilpi: Hopeakent\u00e4ss\u00e4 linnakekoroinen sininen lakio, jonka alapuolella mustat kivikirveet ristikk\u00e4in.<\/p>\n","protected":false},"author":1001,"featured_media":0,"parent":0,"menu_order":0,"comment_status":"closed","ping_status":"closed","template":"","meta":{"footnotes":""},"_links":{"self":[{"href":"https:\/\/hakkaraistensukuseura.net\/index.php?rest_route=\/wp\/v2\/pages\/30"}],"collection":[{"href":"https:\/\/hakkaraistensukuseura.net\/index.php?rest_route=\/wp\/v2\/pages"}],"about":[{"href":"https:\/\/hakkaraistensukuseura.net\/index.php?rest_route=\/wp\/v2\/types\/page"}],"author":[{"embeddable":true,"href":"https:\/\/hakkaraistensukuseura.net\/index.php?rest_route=\/wp\/v2\/users\/1001"}],"replies":[{"embeddable":true,"href":"https:\/\/hakkaraistensukuseura.net\/index.php?rest_route=%2Fwp%2Fv2%2Fcomments&post=30"}],"version-history":[{"count":2,"href":"https:\/\/hakkaraistensukuseura.net\/index.php?rest_route=\/wp\/v2\/pages\/30\/revisions"}],"predecessor-version":[{"id":181,"href":"https:\/\/hakkaraistensukuseura.net\/index.php?rest_route=\/wp\/v2\/pages\/30\/revisions\/181"}],"wp:attachment":[{"href":"https:\/\/hakkaraistensukuseura.net\/index.php?rest_route=%2Fwp%2Fv2%2Fmedia&parent=30"}],"curies":[{"name":"wp","href":"https:\/\/api.w.org\/{rel}","templated":true}]}}