{"id":35,"date":"2013-08-29T13:52:15","date_gmt":"2013-08-29T13:52:15","guid":{"rendered":"http:\/\/hakkaraistensukuseura.iwn.co\/?page_id=35"},"modified":"2024-08-20T08:12:01","modified_gmt":"2024-08-20T08:12:01","slug":"hallitus","status":"publish","type":"page","link":"https:\/\/hakkaraistensukuseura.net\/?page_id=35","title":{"rendered":"Hallitus"},"content":{"rendered":"\n<p>Hakkaraisten sukuseuran nykyinen hallitus on valittu seuran vuosikokouksessa 26.08.2023 hotelli Puijonsarvessa Kuopiossa ja sen toimikausi on vuosikokousten v\u00e4linen aika. Nykyinen hallitus toimii syksyll\u00e4 2026 pidett\u00e4v\u00e4\u00e4n vuosikokoukseen saakka.<\/p>\n\n\n\n<p><strong>Puheenjohtaja<\/strong><br> Virve Prami<br> Kalkkihiekantie 6 A 4<br> 00980 HELSINKI<br> virve.prami@outlook.com<br> Puh. 041 537 0545<\/p>\n\n\n\n<p><strong>Varapuheenjohtaja<\/strong><br>\nRiitta Lampioja<br>\nVarhelantie 5 A 1<br>\n00970 HELSINKI<br>\nriitta.lampioja@gmail.com<br>\nPuh. 044 556 8927<\/p>\n\n\n\n<p><strong>Sihteeri<\/strong><br> Timo Hakkarainen<br> Kyykerinkatu 14 as 4 <br> 83500 OUTOKUMPU<br> hra.hakkis@gmail.com<br> Puh. 0400 468 305<\/p>\n\n\n\n<p><strong>Rahastonhoitaja<\/strong><br> Juhani Hakkarainen<br> Paasirannantie 29<br> 70910 VUORELA<br> juhani.hakka@gmail.com<br> Puh. 0400 688 313<\/p>\n\n\n\n<p><\/p>\n\n\n\n<p><\/p>\n\n\n\n<p><b>&nbsp;Puheenjohtaja<\/b><\/p>\n\n\n\n<ul>\n<li>toimii hallituksen puheenjohtajana hallituksen kokouksissa<\/li>\n\n\n\n<li>toimii is\u00e4nt\u00e4n\u00e4 seuran kes\u00e4- ym. tapaamisissa<\/li>\n\n\n\n<li>laatii toimikauden toimintakertomuksen ja toimintasuunnitelman&nbsp;hallituksen&nbsp; k\u00e4sitelt\u00e4v\u00e4ksi yhteisty\u00f6ss\u00e4 sihteerin kanssa<\/li>\n<\/ul>\n\n\n\n<p><b>Varapuheenjohtaja<\/b><\/p>\n\n\n\n<ul>\n<li>toimii puheenjohtajana varsinaisen puheenjohtajan estyneen\u00e4 ollessa<\/li>\n<\/ul>\n\n\n\n<p><b>Sihteeri<\/b><\/p>\n\n\n\n<ul>\n<li>toimii sihteerin\u00e4 hallituksen kokouksissa<\/li>\n\n\n\n<li>toimeenpanee hallituksen kokousten p\u00e4\u00e4t\u00f6kset<\/li>\n\n\n\n<li>hoitaa seuran j\u00e4senrekisterin<\/li>\n\n\n\n<li>hoitaa sukuseuran tuotteiden myynnin ja postituksen<\/li>\n\n\n\n<li>laatii j\u00e4senkirjeet hallituksen hyv\u00e4ksytt\u00e4v\u00e4ksi<\/li>\n<\/ul>\n\n\n\n<p><b>Rahastonhoitaja<\/b><\/p>\n\n\n\n<ul>\n<li>hoitaa seuran maksuliikenteen<\/li>\n\n\n\n<li>laatii tulo- ja menoarvion hallituksen k\u00e4sitelt\u00e4v\u00e4ksi<\/li>\n\n\n\n<li>hoitaa seuran kirjanpidon ja laatii siihen kuuluvat tilinp\u00e4\u00e4t\u00f6sasiakirjat ja l\u00e4hett\u00e4\u00e4 kuukausittain kopion tiliotteesta sihteerille<\/li>\n<\/ul>\n\n\n\n<p><b>Hallitus<\/b> k\u00e4sittelee etuk\u00e4teen em. hallituksen j\u00e4senten suunnitelmat ja teht\u00e4v\u00e4t<\/p>\n","protected":false},"excerpt":{"rendered":"<p>Hakkaraisten sukuseuran nykyinen hallitus on valittu seuran vuosikokouksessa 26.08.2023 hotelli Puijonsarvessa Kuopiossa ja sen toimikausi on vuosikokousten v\u00e4linen aika. Nykyinen hallitus toimii syksyll\u00e4 2026 pidett\u00e4v\u00e4\u00e4n vuosikokoukseen saakka. Puheenjohtaja Virve Prami<\/p>\n","protected":false},"author":1001,"featured_media":0,"parent":0,"menu_order":3,"comment_status":"closed","ping_status":"closed","template":"","meta":{"footnotes":""},"_links":{"self":[{"href":"https:\/\/hakkaraistensukuseura.net\/index.php?rest_route=\/wp\/v2\/pages\/35"}],"collection":[{"href":"https:\/\/hakkaraistensukuseura.net\/index.php?rest_route=\/wp\/v2\/pages"}],"about":[{"href":"https:\/\/hakkaraistensukuseura.net\/index.php?rest_route=\/wp\/v2\/types\/page"}],"author":[{"embeddable":true,"href":"https:\/\/hakkaraistensukuseura.net\/index.php?rest_route=\/wp\/v2\/users\/1001"}],"replies":[{"embeddable":true,"href":"https:\/\/hakkaraistensukuseura.net\/index.php?rest_route=%2Fwp%2Fv2%2Fcomments&post=35"}],"version-history":[{"count":31,"href":"https:\/\/hakkaraistensukuseura.net\/index.php?rest_route=\/wp\/v2\/pages\/35\/revisions"}],"predecessor-version":[{"id":353,"href":"https:\/\/hakkaraistensukuseura.net\/index.php?rest_route=\/wp\/v2\/pages\/35\/revisions\/353"}],"wp:attachment":[{"href":"https:\/\/hakkaraistensukuseura.net\/index.php?rest_route=%2Fwp%2Fv2%2Fmedia&parent=35"}],"curies":[{"name":"wp","href":"https:\/\/api.w.org\/{rel}","templated":true}]}}