{"id":42,"date":"2013-08-29T13:56:01","date_gmt":"2013-08-29T13:56:01","guid":{"rendered":"http:\/\/hakkaraistensukuseura.iwn.co\/?page_id=42"},"modified":"2023-09-22T16:17:48","modified_gmt":"2023-09-22T16:17:48","slug":"saannot","status":"publish","type":"page","link":"https:\/\/hakkaraistensukuseura.net\/?page_id=42","title":{"rendered":"S\u00e4\u00e4nn\u00f6t"},"content":{"rendered":"\n<p>1. \u00a7&nbsp; Nimi ja kotipaikka<\/p>\n\n\n\n<p>Yhdistyksen nimi on Hakkaraisten sukuseura ry, kotipaikka Helsingin kaupunki ja toimialueena koko maa. Yhdistyst\u00e4 kutsutaan j\u00e4ljemp\u00e4n\u00e4 sukuseuraksi tai seuraksi.<\/p>\n\n\n\n<p>2. \u00a7&nbsp; Tarkoitus ja toiminta<\/p>\n\n\n\n<p>Sukuseuran tarkoituksena on selvitt\u00e4\u00e4 suvun vaiheita ja historiaa, vaalia suvun perinteit\u00e4 ja edist\u00e4\u00e4 yhteenkuuluvuuden tunnetta j\u00e4sentens\u00e4 keskuudessa.<br> Tarkoituksensa toteuttamiseksi sukuseura pyrkii<br> \u2212\u00a0\u00a0\u00a0 j\u00e4rjest\u00e4m\u00e4\u00e4n yhteisi\u00e4 kokouksia, sukup\u00e4ivi\u00e4, retki\u00e4 ja muita samantapaisia tilaisuuksia<br> \u2212\u00a0\u00a0\u00a0 ker\u00e4\u00e4m\u00e4\u00e4n ja arkistoimaan sukua koskevaa tietoutta sek\u00e4 saattamaan sit\u00e4 j\u00e4senten tietoon<br> \u2212\u00a0\u00a0\u00a0 pit\u00e4m\u00e4\u00e4n luetteloa suvun j\u00e4snist\u00e4 <br> \u2212\u00a0\u00a0\u00a0 yll\u00e4pit\u00e4m\u00e4\u00e4n nettisivuillaan sukututkimusta tehneiden henkil\u00f6iden yhteystietoja.<\/p>\n\n\n\n<p>Toimintansa tukemiseksi seura voi ottaa vastaan testamentattua tai lahjoitettua omaisuutta, perustaa rahastoja sek\u00e4 asianomaisella luvalla j\u00e4rjest\u00e4\u00e4 varainker\u00e4yksi\u00e4 ja arpajaisia. Seura voi my\u00f6s omistaa toimintansa kannalta tarpeellisia kiinteist\u00f6j\u00e4.<\/p>\n\n\n\n<p>3. \u00a7&nbsp; J\u00e4senet<\/p>\n\n\n\n<p>Sukuseuran varsinaiseksi j\u00e4seneksi voidaan hyv\u00e4ksy\u00e4 jokainen<br>\n18 vuotta t\u00e4ytt\u00e4nyt henkil\u00f6, joka is\u00e4n tai \u00e4idin puolelta on sukuun kuuluva tai avioliiton kautta siihen liittynyt.<\/p>\n\n\n\n<p>Sukuseuran j\u00e4senet hyv\u00e4ksyy seuran hallitus.<\/p>\n\n\n\n<p>J\u00e4senell\u00e4 on oikeus erota sukuseurasta ilmoittamalla siit\u00e4 seuran sihteerille. T\u00e4ll\u00f6in h\u00e4nen tietonsa poistetaan j\u00e4senluettelosta ja h\u00e4nen j\u00e4sennumeronsa otetaan uusiok\u00e4ytt\u00f6\u00f6n. <\/p>\n\n\n\n<p>Seuran j\u00e4snen katsotaan eronneen seurasta, mik\u00e4li h\u00e4nen j\u00e4senmaksunsa ovat maksamatta viimeisen kahden (2) vuoden ajalta. T\u00e4ll\u00f6in h\u00e4nen tietonsa poistetaan j\u00e4senluettelosta ja h\u00e4nen j\u00e4sennumeronsa otetaan uusiok\u00e4ytt\u00f6\u00f6n. <\/p>\n\n\n\n<p>Seuran j\u00e4senen kuoltua h\u00e4nen j\u00e4sennumeronsa j\u00e4\u00e4dytet\u00e4\u00e4n ja h\u00e4nen nimens\u00e4 s\u00e4ilyy j\u00e4senluettelossa.<\/p>\n\n\n\n<p>Varsinaisilta j\u00e4senilt\u00e4 peritt\u00e4v\u00e4n liittymis- ja vuotuisen j\u00e4senmaksun suuruudesta p\u00e4\u00e4tt\u00e4\u00e4 vuosikokous. J\u00e4senmaksu on perhekohtainen, toisin sanoe samassa taloudessa asuvat j\u00e4senet maksavat j\u00e4senmaksun kerran vuodessa. <\/p>\n\n\n\n<p>Sukuseuran ainaisj\u00e4seneksi katsotaan j\u00e4sen, joka yhdell\u00e4 kertaa suorittaa j\u00e4senmaksun kymmenkertaisena.<\/p>\n\n\n\n<p>Seuran j\u00e4senen alle 18-vuotiaat lapset voivat liitty\u00e4 seuraan nuorisoj\u00e4senin\u00e4, jotka ovat vapaat j\u00e4senmaksusta ja joilla ei ole \u00e4\u00e4nioikeutta seuran vuosikokouksissa.<\/p>\n\n\n\n<p>Hallituksen esityksest\u00e4 voi vuosikokous kutsua sukuseuran kunniaj\u00e4seneksi henkil\u00f6n, joka on erityisesti ansioitunut seuran toiminnassa. Kunniaj\u00e4sen on vapaa j\u00e4senmaksusta.<\/p>\n\n\n\n<p>Sukuseuran j\u00e4senluetteloa yll\u00e4pit\u00e4\u00e4 seuran hallituksen sihteeri.<\/p>\n\n\n\n<p>4. \u00a7&nbsp; Hallitus<\/p>\n\n\n\n<p>Sukuseuran asioita hoitaa seuran hallitus, joka valitaan vuosikokouksessa.<\/p>\n\n\n\n<p>Hallitukseen kuuluu puheenjohtaja, varapuheenjohtaja sek\u00e4 v\u00e4hint\u00e4\u00e4n kolme (3) ja enint\u00e4\u00e4n viisi (5) muuta j\u00e4sent\u00e4.<\/p>\n\n\n\n<p>Hallituksen toimikausi on vuosikokousten v\u00e4linen aika. Hallitus valitsee keskuudestaan tai ulkopuolelta seuran sihteerin, rahastonhoitajan ja muut tarvittavat toimihenkil\u00f6t.<\/p>\n\n\n\n<p>Hallitus kokoontuu puheenjohtajan tai h\u00e4nen ollessaan estyneen\u00e4 varapuheenjohtajan kutsusta, kun he katsovat olevan siihen aihetta tai kun v\u00e4hint\u00e4\u00e4n kaksi hallituksen j\u00e4sent\u00e4 sit\u00e4 vaatii.<\/p>\n\n\n\n<p>Hallitus on p\u00e4\u00e4t\u00f6svaltainen, kun v\u00e4hint\u00e4\u00e4n puolet sen j\u00e4senist\u00e4, puheenjohtaja ja varapuheenjohtaja mukaan luettuna, on l\u00e4sn\u00e4. Asiat ratkaistaan yksinkertaisella \u00e4\u00e4nten enemmist\u00f6ll\u00e4. \u00c4\u00e4nten menness\u00e4 tasan ratkaisee puheenjohtajan mielipide, vaaleissa kuitenkin arpa. Hallituksen kokouksista on pidett\u00e4v\u00e4 p\u00e4\u00e4t\u00f6sp\u00f6yt\u00e4kirjaa.<\/p>\n\n\n\n<p>5. \u00a7&nbsp; Sukuseuran nimen kirjoittaminen<\/p>\n\n\n\n<p>Sukuseuran nimen kirjoittaa puheenjohtaja tai varapuheenjohtaja jompikumpi yhdess\u00e4 sihteerin tai rahastonhoitajan kanssa.<\/p>\n\n\n\n<p>6. \u00a7\u00a0 Tilit<br> Sukuseuran tilikausi on kalenterivuosi ja toimikausi on vuosikokousten v\u00e4linen aika. Tilinp\u00e4\u00e4t\u00f6kset tarvittavine asiakirjoineen ja hallituksen vuosikertomukset on annettava tilintarkastajille tarkastettavaksi viimeist\u00e4\u00e4n kaksi kuukautta ennen seuran vuosikokouksen pit\u00e4misajankohtaa. Toiminnantarkastajan lausunto tilien ja seuran hallinnon tarkastuksesta on j\u00e4tett\u00e4v\u00e4 hallitukselle viimeist\u00e4\u00e4n kuukausi ennen vuosikokouksen ajankohtaa.<\/p>\n\n\n\n<p>7. \u00a7&nbsp; Seuran kokousten koollekutsuminen<\/p>\n\n\n\n<p>Seuran kokoukset kutsuu koolle hallitus. Kokouskutsu on toimitettava viimeist\u00e4\u00e4n nelj\u00e4toista (14) p\u00e4iv\u00e4\u00e4 ennen kokousta joko l\u00e4hett\u00e4m\u00e4ll\u00e4 kutsu kirjallisena kullekin j\u00e4senelle tai julkaisemalla kutsu seuran kotipaikkakunnalla ilmestyv\u00e4ss\u00e4 sanomalehdess\u00e4.<\/p>\n\n\n\n<p>8. \u00a7&nbsp; Seuran kokoukset<\/p>\n\n\n\n<p>Seuran vuosikokous pidet\u00e4\u00e4n joka kolmas vuosi hallituksen m\u00e4\u00e4r\u00e4\u00e4m\u00e4n\u00e4 p\u00e4iv\u00e4n\u00e4 huhti-syyskuun aikana.<br>\nYlim\u00e4\u00e4r\u00e4inen kokous pidet\u00e4\u00e4n, kun seuran kokous niin p\u00e4\u00e4tt\u00e4\u00e4 tai kun hallitus katsoo siihen olevan tarvetta tai kun v\u00e4hint\u00e4\u00e4n yksi kymmenesosa (1\/10) seuran \u00e4\u00e4nioikeutetuista j\u00e4senist\u00e4 sit\u00e4 hallitukselta erityisesti ilmoitettua asiaa varten kirjallisesti vaatii.<\/p>\n\n\n\n<p>Seuran kokouksessa edellisen vuoden j\u00e4senmaksunsa maksaneella varsinaisella j\u00e4senell\u00e4 sek\u00e4 ainais- ja kunniaj\u00e4senell\u00e4 on \u00e4\u00e4nioikeus ja jokaisella \u00e4\u00e4nioikeutetulla on yksi (1) \u00e4\u00e4ni. Seuran p\u00e4\u00e4t\u00f6kseksi tulee se mielipide, jota on kannattanut yli puolet annetuista \u00e4\u00e4nist\u00e4. \u00c4\u00e4nten menness\u00e4 tasan ratkaistaan vaalit arvalla. Muutoin p\u00e4\u00e4t\u00f6kseksi tulee kokouksen puheenjohtajan kannattama mielipide.<\/p>\n\n\n\n<p>9. \u00a7&nbsp; Vuosikokous<\/p>\n\n\n\n<p>Seuran vuosikokouksessa k\u00e4sitell\u00e4\u00e4n seuraavat asiat:<br> 1. \u00a0\u00a0\u00a0 Kokouksen avaus.<br> 2. \u00a0\u00a0\u00a0 Valitaan kokouksen puheenjohtaja, sihteeri, kaksi p\u00f6yt\u00e4kirjan tarkastajaa ja tarvittaessa kaksi \u00e4\u00e4ntenlaskijaa..<br> 3. \u00a0\u00a0\u00a0 Todetaan kokouksen laillisuus ja p\u00e4\u00e4t\u00f6svaltaisuus.<br> 4. \u00a0\u00a0\u00a0 Hyv\u00e4ksyt\u00e4\u00e4n kokouksen ty\u00f6j\u00e4rjestys.<br> 5. \u00a0\u00a0\u00a0 Esitet\u00e4\u00e4n seuran tilinp\u00e4\u00e4t\u00f6kset, vuosikertomukset ja tilintarkastajien lausunnot vuosikokousten v\u00e4liselt\u00e4 ajalta.<br> 6. \u00a0\u00a0\u00a0 P\u00e4\u00e4tet\u00e4\u00e4n tilinp\u00e4\u00e4t\u00f6sten vahvistamisesta ja vastuuvapauden my\u00f6nt\u00e4misest\u00e4.<br> 7. \u00a0\u00a0\u00a0 Vahvistetaan toimintasuunnitelma, tulo- ja menoarvio sek\u00e4 liittymis- ja j\u00e4senmaksu seuraavalle toimikaudelle.<br> 8. \u00a0\u00a0\u00a0 Valitaan hallituksen puheenjohtaja, varapuheenjohtaja sek\u00e4 muut hallituksen j\u00e4senet.<br> 9. \u00a0\u00a0\u00a0 Valitaan toiminnantarkastaja ja varatoiminnantarkastaja seuraavaksi toimikaudeksi.<br> 10. \u00a0\u00a0\u00a0K\u00e4sitell\u00e4\u00e4n muut kokouskutsussa mainitut asiat.<\/p>\n\n\n\n<p>Mik\u00e4li seuran j\u00e4sen haluaa saada jonkin asian seuran vuosikokouksen k\u00e4sitelt\u00e4v\u00e4ksi, on h\u00e4nen siit\u00e4 kirjallisesti ilmoitettava niin hyviss\u00e4 ajoin, ett\u00e4 asia voidaan sis\u00e4llytt\u00e4\u00e4 kokouskutsuun.<\/p>\n\n\n\n<p>10. \u00a7&nbsp; S\u00e4\u00e4nt\u00f6jen muuttaminen ja sukuseuran purkaminen<\/p>\n\n\n\n<p>P\u00e4\u00e4t\u00f6s s\u00e4\u00e4nt\u00f6jen muuttamisesta ja seuran purkamisesta on teht\u00e4v\u00e4 seuran kokouksessa v\u00e4hint\u00e4\u00e4n kolmen nelj\u00e4sosan (3\/4) enemmist\u00f6ll\u00e4 annetuista \u00e4\u00e4nist\u00e4. Kokouskutsussa on mainittava s\u00e4\u00e4nt\u00f6jen muuttamisesta tai sukuseuran purkamisesta.<\/p>\n\n\n\n<p>Sukuseuran purkautuessa k\u00e4ytet\u00e4\u00e4n seuran varat seuran tarkoituksen edist\u00e4miseen purkautumisesta p\u00e4\u00e4tt\u00e4v\u00e4n kokouksen m\u00e4\u00e4r\u00e4\u00e4m\u00e4ll\u00e4 tavalla. Sukuseuran tullessa lakkautetuksi k\u00e4ytet\u00e4\u00e4n varat samaan tarkoitukseen..<\/p>\n","protected":false},"excerpt":{"rendered":"<p>1. \u00a7&nbsp; Nimi ja kotipaikka Yhdistyksen nimi on Hakkaraisten sukuseura ry, kotipaikka Helsingin kaupunki ja toimialueena koko maa. Yhdistyst\u00e4 kutsutaan j\u00e4ljemp\u00e4n\u00e4 sukuseuraksi tai seuraksi. 2. \u00a7&nbsp; Tarkoitus ja toiminta Sukuseuran<\/p>\n","protected":false},"author":1001,"featured_media":0,"parent":0,"menu_order":4,"comment_status":"closed","ping_status":"closed","template":"","meta":{"footnotes":""},"_links":{"self":[{"href":"https:\/\/hakkaraistensukuseura.net\/index.php?rest_route=\/wp\/v2\/pages\/42"}],"collection":[{"href":"https:\/\/hakkaraistensukuseura.net\/index.php?rest_route=\/wp\/v2\/pages"}],"about":[{"href":"https:\/\/hakkaraistensukuseura.net\/index.php?rest_route=\/wp\/v2\/types\/page"}],"author":[{"embeddable":true,"href":"https:\/\/hakkaraistensukuseura.net\/index.php?rest_route=\/wp\/v2\/users\/1001"}],"replies":[{"embeddable":true,"href":"https:\/\/hakkaraistensukuseura.net\/index.php?rest_route=%2Fwp%2Fv2%2Fcomments&post=42"}],"version-history":[{"count":5,"href":"https:\/\/hakkaraistensukuseura.net\/index.php?rest_route=\/wp\/v2\/pages\/42\/revisions"}],"predecessor-version":[{"id":280,"href":"https:\/\/hakkaraistensukuseura.net\/index.php?rest_route=\/wp\/v2\/pages\/42\/revisions\/280"}],"wp:attachment":[{"href":"https:\/\/hakkaraistensukuseura.net\/index.php?rest_route=%2Fwp%2Fv2%2Fmedia&parent=42"}],"curies":[{"name":"wp","href":"https:\/\/api.w.org\/{rel}","templated":true}]}}