{"id":46,"date":"2013-08-29T13:59:44","date_gmt":"2013-08-29T13:59:44","guid":{"rendered":"http:\/\/hakkaraistensukuseura.iwn.co\/?page_id=46"},"modified":"2024-06-28T15:44:07","modified_gmt":"2024-06-28T15:44:07","slug":"46-2","status":"publish","type":"page","link":"https:\/\/hakkaraistensukuseura.net\/?page_id=46","title":{"rendered":"Sukututkimus"},"content":{"rendered":"<p>Hakkarainen on alkujaan savolainen suku. Ensimm\u00e4iset sukunimi merkinn\u00e4t asiakirjoissa ovat vuoden 1541 voudintilien maakirjoissa, jolloin Hakkaraiset asuttivat Haukiveden etel\u00e4rantoja Rantasalmen l\u00e4hialueilla, P\u00e4hkin\u00e4saaren rauhan (v 1323) rajan tuntumassa.<\/p>\n<p>Hakkaraisia oli tuolloin Rantasalmen hallintopit\u00e4j\u00e4ss\u00e4 7 talossa, S\u00e4\u00e4mingin hallintopit\u00e4j\u00e4n puolella yhdess\u00e4 talossa ja Juvan hallintopit\u00e4j\u00e4n puolella yhdess\u00e4 talossa. Kaikkiaan veronmaksajina on 12 nime\u00e4.<\/p>\n<p>Historioitsijoiden mukaan n\u00e4in vakiintunut asutus olisi l\u00e4hes 200 vuotta vanhaa. Sukua on tullut alueelle P\u00e4hkin\u00e4saaren rajan rauhoituttua, mahdollisesti J\u00e4\u00e4sken ja Karjalan Kannaksen suunnalta. Rantasalmen Hakkaraisilla on ollut er\u00e4sijoja jo 1500-luvun alussa ainakin J\u00e4l\u00e4j\u00e4rven kannaksella (nykyist\u00e4 Siilinj\u00e4rve\u00e4) ja Nilsi\u00e4n Syv\u00e4ril\u00e4ss\u00e4. Sukunimi on ollut kirjoitettuna jo v 1541 l\u00e4htien joko Hackarain tai Hackarainen.<\/p>\n<p>Sukuhaaroja on eri puolilla Suomea, kuitenkin p\u00e4\u00e4asiassa It\u00e4- ja Keski-Suomessa.<\/p>\n<p>Koska kaikille sukuhaaroille ei voida en\u00e4\u00e4 j\u00e4ljitt\u00e4\u00e4 yht\u00e4 yhteist\u00e4<br \/>\nesi-is\u00e4\u00e4, olisi t\u00e4rke\u00e4t\u00e4 kartoittaa eri sukuhaarat niin pitk\u00e4lle kuin se on mahdollista. T\u00e4ss\u00e4 tarkoituksessa seura kokoaa tietoa Hakkaraisten suvun sukututkimuksista, jotta nykyisten ja tulevien sukututkijoiden ei tarvitsisi tehd\u00e4 uudestaan sit\u00e4 ty\u00f6t\u00e4, joka mahdollisesti on jo kertaalleen tehty.<\/p>\n<p>Pyyd\u00e4mme kaikkia Hakkaraisten suvun tutkijoita, entisi\u00e4 ja nykyisi\u00e4, ilmoittamaan mink\u00e4 seudun tai paikkakunnan Hakkaraisia on tutkinut tai tutkii. N\u00e4in voisimme saada toisiltamme ehk\u00e4 arvokastakin apua ja tietoa.<\/p>\n<p><strong>Seuraavassa Hakkaraisten sukututkimuksia:<\/strong><\/p>\n<p>Pyh\u00e4sel\u00e4n ja Kiihtelysvaaran Hakkaraiset<br \/>\nKirsti S\u00e4lli<br \/>\nkirsti.salli@gmail.com<\/p>\n<p>V\u00e4stinniemen Hakkaraiset vuosilta 1720 &#8211; 1900<br \/>\nTuula Ahokas<br \/>\ntuula.ahokas@live.fi<\/p>\n<p>Juankosken ja Viitaniemen Hakkaraiset<br \/>\nHannu Sinervuo<br \/>\nh.sinervuo@gmail.com<\/p>\n<p>Nilsi\u00e4n Hakkaraiset<br \/>\nTero Hakkarainen<br \/>\ntero.hakkarainen@elisanet.fi<\/p>\n<p>Hakkaraiset v. 1540 &#8211; 1720<br \/>\nAntero Hakkarainen<br \/>\nantero.hakkarainen@outlook.com<\/p>\n<p>R\u00e4\u00e4kkyl\u00e4n ja Kiteen Hakkaraiset<br \/>\nAnja Hakkarainen<br \/>\nanjainkeri.hakkarainen@luukku.com<\/p>\n<p>Kivij\u00e4rven Hakkaraiset<br \/>\nHeini Hakkarainen<br \/>\nheini81@hotmail.com<\/p>\n<p>Kivij\u00e4rven Hakkaraiset<br \/>\nMarjatta Luoma<br \/>\nmarjattaluoma6@gmail.com<\/p>\n<p>Tuusniemen-Hein\u00e4veden Hakkaraiset 1700-1900<br \/>\nTaito Hakkarainen<br \/>\ntaito.hakkarainen@pp.inet.fi<\/p>\n<p>Ruotsin ns mets\u00e4suomalaiset, jotka luultavasti Rautalammelta l\u00e4ht\u00f6isin<br \/>\nRiitta Lampioja<br \/>\nriitta.lampioja@gmail.com<\/p>\n","protected":false},"excerpt":{"rendered":"<p>Hakkarainen on alkujaan savolainen suku. Ensimm\u00e4iset sukunimi merkinn\u00e4t asiakirjoissa ovat vuoden 1541 voudintilien maakirjoissa, jolloin Hakkaraiset asuttivat Haukiveden etel\u00e4rantoja Rantasalmen l\u00e4hialueilla, P\u00e4hkin\u00e4saaren rauhan (v 1323) rajan tuntumassa. Hakkaraisia oli tuolloin<\/p>\n","protected":false},"author":1001,"featured_media":0,"parent":0,"menu_order":6,"comment_status":"closed","ping_status":"closed","template":"","meta":{"footnotes":""},"_links":{"self":[{"href":"https:\/\/hakkaraistensukuseura.net\/index.php?rest_route=\/wp\/v2\/pages\/46"}],"collection":[{"href":"https:\/\/hakkaraistensukuseura.net\/index.php?rest_route=\/wp\/v2\/pages"}],"about":[{"href":"https:\/\/hakkaraistensukuseura.net\/index.php?rest_route=\/wp\/v2\/types\/page"}],"author":[{"embeddable":true,"href":"https:\/\/hakkaraistensukuseura.net\/index.php?rest_route=\/wp\/v2\/users\/1001"}],"replies":[{"embeddable":true,"href":"https:\/\/hakkaraistensukuseura.net\/index.php?rest_route=%2Fwp%2Fv2%2Fcomments&post=46"}],"version-history":[{"count":18,"href":"https:\/\/hakkaraistensukuseura.net\/index.php?rest_route=\/wp\/v2\/pages\/46\/revisions"}],"predecessor-version":[{"id":348,"href":"https:\/\/hakkaraistensukuseura.net\/index.php?rest_route=\/wp\/v2\/pages\/46\/revisions\/348"}],"wp:attachment":[{"href":"https:\/\/hakkaraistensukuseura.net\/index.php?rest_route=%2Fwp%2Fv2%2Fmedia&parent=46"}],"curies":[{"name":"wp","href":"https:\/\/api.w.org\/{rel}","templated":true}]}}